{"id":263,"date":"2026-01-14T05:06:07","date_gmt":"2026-01-14T05:06:07","guid":{"rendered":"https:\/\/lunalustx.com\/?page_id=263"},"modified":"2026-03-23T19:46:18","modified_gmt":"2026-03-23T19:46:18","slug":"unete-como-creador-gana-mas-ten-mas-control-se-parte-de-lunalustx","status":"publish","type":"page","link":"https:\/\/lunalustx.com\/es\/unete-como-creador-gana-mas-ten-mas-control-se-parte-de-lunalustx\/","title":{"rendered":""},"content":{"rendered":"<div data-elementor-type=\"wp-page\" data-elementor-id=\"263\" class=\"elementor elementor-263\">\n\t\t\t\t<div class=\"elementor-element elementor-element-7b54db36 e-flex e-con-boxed e-con e-parent\" data-id=\"7b54db36\" data-element_type=\"container\" data-e-type=\"container\">\n\t\t\t\t\t<div class=\"e-con-inner\">\n\t\t\t\t<div class=\"elementor-element elementor-element-7bb8e486 elementor-widget elementor-widget-text-editor\" data-id=\"7bb8e486\" data-element_type=\"widget\" data-e-type=\"widget\" data-widget_type=\"text-editor.default\">\n\t\t\t\t\t\t\t\t\t\n<p>\u00a0<\/p>\n\n<h2 data-wp-context---core-fit-text=\"core\/fit-text::{&quot;fontSize&quot;:&quot;&quot;}\" data-wp-init---core-fit-text=\"core\/fit-text::callbacks.init\" data-wp-interactive data-wp-style--font-size=\"core\/fit-text::context.fontSize\" class=\"wp-block-heading has-fit-text\">\u00daNETE COMO CREADOR GANA MAS TEN MAS CONTROL SE PARTE DE LUNALUSTX.<\/h2>\n\n<p>La plataforma premium donde los creadores se quedan con el 80% de sus ganancias<\/p>\n\n<div class=\"wp-block-buttons is-layout-flex wp-block-buttons-is-layout-flex\"><\/div>\n\n<h2 class=\"wp-block-heading\">Why LunalusTX<\/h2>\n\n<p>Keep 80% of your earnings, all for you.<\/p>\n\n<p>Receive weekly payments \u2013 your earnings, delivered every week.<\/p>\n\n<p>Complete privacy and control \u2013 you have the freedom to choose what to upload and how to sell it.<\/p>\n\n<p>Curated platform \u2013 all content is manually approved to ensure quality and exclusivity.<\/p>\n\n<p>\u00a0<\/p>\n\n<h2 class=\"wp-block-heading\">\u00bfQue tipo de contenido aceptamos?<\/h2>\n\n<p>At LunalusTX, we accept: real +18 content, AI-generated content, models, creators, and digital artists.<\/p>\n\n<p>Illegal or prohibited content is not accepted.<\/p>\n\n<h2 data-wp-context---core-fit-text=\"core\/fit-text::{&quot;fontSize&quot;:&quot;&quot;}\" data-wp-init---core-fit-text=\"core\/fit-text::callbacks.init\" data-wp-interactive data-wp-style--font-size=\"core\/fit-text::context.fontSize\" class=\"wp-block-heading has-fit-text\">How does the platform work?<\/h2>\n\n<p>1. Submit a request for your profile.<\/p>\n\n<p>2. We carefully review your content.<\/p>\n\n<p>3. You are approved.<\/p>\n\n<p>4. Begin selling and earning income.<\/p>\n\n<div class=\"wp-block-buttons is-layout-flex wp-block-buttons-is-layout-flex\"><\/div>\n\n<p>LunalusTX is an +18 platform. All creators must be of legal age and successfully complete verification.<br \/>Before creating your official profile, please complete our survey for access approval.<\/p>\n\n<div class=\"wp-block-buttons is-layout-flex wp-block-buttons-is-layout-flex\"><\/div>\n<div class=\"um um-register um-327\">\n<div class=\"um-form\" data-mode=\"register\">\n<form method=\"post\" action=\"\" data-trp-original-action=\"\">\n<div class=\"um-row _um_row_1\" style=\"margin: 0 0 30px 0;\">\n<div class=\"um-col-1\">\n<div  id=\"um_field_327_user_login\" class=\"um-field um-field-text  um-field-user_login um-field-text um-field-type_text\" data-key=\"user_login\">\n<div class=\"um-field-label\"><label for=\"user_login-327\">Nombre de usuario<\/label><\/p>\n<div class=\"um-clear\"><\/div>\n<\/div>\n<div class=\"um-field-area\"><input  autocomplete=\"off\" class=\"um-form-field valid\" type=\"text\" name=\"user_login-327\" id=\"user_login-327\" value=\"\" placeholder=\"\" data-validate=\"unique_username\" data-key=\"user_login\"  aria-invalid=\"false\" \/><\/p><\/div>\n<\/div>\n<div  id=\"um_field_327_user_password\" class=\"um-field um-field-password  um-field-user_password um-field-password um-field-type_password\" data-key=\"user_password\">\n<div class=\"um-field-label\"><label for=\"user_password-327\">Contrase\u00f1a<\/label><\/p>\n<div class=\"um-clear\"><\/div>\n<\/div>\n<div class=\"um-field-area\"><input class=\"um-form-field valid\" type=\"password\" name=\"user_password-327\" id=\"user_password-327\" value=\"\" placeholder=\"\" data-validate=\"\" data-key=\"user_password\"  aria-invalid=\"false\" \/><\/p><\/div>\n<\/div>\n<div  id=\"um_field_327_confirm_user_password\" class=\"um-field um-field-password  um-field-user_password um-field-password um-field-type_password\" data-key=\"confirm_user_password\">\n<div class=\"um-field-label\"><label for=\"confirm_user_password-327\">Confirmar la contrase\u00f1a<\/label><\/p>\n<div class=\"um-clear\"><\/div>\n<\/div>\n<div class=\"um-field-area\"><input class=\"um-form-field valid\" type=\"password\" name=\"confirm_user_password-327\" id=\"confirm_user_password-327\" value=\"\" placeholder=\"Confirmar la contrase\u00f1a\" data-validate=\"\" data-key=\"confirm_user_password\"  aria-invalid=\"false\" \/><\/div>\n<\/div>\n<div  id=\"um_field_327_user_email\" class=\"um-field um-field-text  um-field-user_email um-field-text um-field-type_text\" data-key=\"user_email\">\n<div class=\"um-field-label\"><label for=\"user_email-327\">Email Address<\/label><\/p>\n<div class=\"um-clear\"><\/div>\n<\/div>\n<div class=\"um-field-area\"><input  autocomplete=\"off\" class=\"um-form-field valid\" type=\"text\" name=\"user_email-327\" id=\"user_email-327\" value=\"\" placeholder=\"\" data-validate=\"unique_email\" data-key=\"user_email\"  aria-invalid=\"false\" \/><\/p><\/div>\n<\/div>\n<div  id=\"um_field_327_ine_file\" class=\"um-field um-field-file  um-field-ine_file um-field-file um-field-type_file\" data-key=\"ine_file\" data-mode=\"register\" data-upload-label=\"Subir\"><input type=\"hidden\" name=\"ine_file-327\" id=\"ine_file-327\" value=\"\"  aria-invalid=\"false\" \/><\/p>\n<div class=\"um-field-label\"><label for=\"ine_file-327\">INE<\/label><\/p>\n<div class=\"um-clear\"><\/div>\n<\/div>\n<div class=\"um-field-area\" style=\"text-align: center;\">\n<div class=\"um-single-file-preview\" data-key=\"ine_file\"><\/div>\n<p><a href=\"#\" data-modal=\"um_upload_single\" data-modal-size=\"normal\" data-modal-copy=\"1\" class=\"um-button um-btn-auto-width\">Subir<\/a><\/div>\n<div class=\"um-modal-hidden-content\">\n<div class=\"um-modal-header\"> INE<\/div>\n<div class=\"um-modal-body\">\n<div class=\"um-single-file-preview\">\n\t\t\t\t\t\t\t\t\t\t<a href=\"javascript:void(0);\" class=\"cancel\"><i class=\"um-icon-close\"><\/i><\/a><\/p>\n<div class=\"um-single-fileinfo\">\n\t\t\t\t\t\t\t\t\t\t\t<a href=\"\" target=\"_blank\"><br \/>\n\t\t\t\t\t\t\t\t\t\t\t\t<span class=\"icon\"><i><\/i><\/span><br \/>\n\t\t\t\t\t\t\t\t\t\t\t\t<span class=\"filename\"><\/span><br \/>\n\t\t\t\t\t\t\t\t\t\t\t<\/a>\n\t\t\t\t\t\t\t\t\t\t<\/div>\n<\/p><\/div>\n<div class=\"um-single-file-upload\" data-user_id=\"\" data-timestamp=\"1776880480\" data-nonce=\"1cbd3922e1\"  data-set_id=\"327\" data-set_mode=\"register\" data-type=\"file\" data-key=\"ine_file\" data-max_size=\"10485760\" data-max_size_error=\"\u00a1Archivo demasiado grande!\" data-min_size_error=\"\u00a1Archivo demasiado peque\u00f1o!\" data-extension_error=\"Lo sentimos, este no es un archivo v\u00e1lido.\"  data-allowed_types=\"pdf,txt\" data-upload_text=\"Arrastrar y soltar el archivo\" data-max_files_error=\"Solo puede subir un archivo\" data-upload_help_text=\"Sube tu Foto con INE legible en JPG,pdf,. Asegurate que tu rostro y el INNE sean visible Solo t\u00fa y la administraci\u00f3n podr\u00e1n verlo.\">Subir<\/div>\n<div class=\"um-modal-footer\">\n<div class=\"um-modal-right\">\n\t\t\t\t\t\t\t\t\t\t<a href=\"javascript:void(0);\" class=\"um-modal-btn um-finish-upload file disabled\" data-key=\"ine_file\" data-change=\"Cambiar el archivo\" data-processing=\"Procesando...\"> Guardar<\/a><br \/>\n\t\t\t\t\t\t\t\t\t\t<a href=\"javascript:void(0);\" class=\"um-modal-btn alt\" data-action=\"um_remove_modal\"> Cancelar<\/a>\n\t\t\t\t\t\t\t\t\t<\/div>\n<div class=\"um-clear\"><\/div>\n<\/p><\/div>\n<\/div>\n<\/div>\n<\/div>\n<div  id=\"um_field_327_ine_selfi\" class=\"um-field um-field-file  um-field-ine_selfi um-field-file um-field-type_file\" data-key=\"ine_selfi\" data-mode=\"register\" data-upload-label=\"Subir\"><input type=\"hidden\" name=\"ine_selfi-327\" id=\"ine_selfi-327\" value=\"\"  aria-invalid=\"false\" \/><\/p>\n<div class=\"um-field-label\"><label for=\"ine_selfi-327\">\u201cSelfie con INE<\/label><\/p>\n<div class=\"um-clear\"><\/div>\n<\/div>\n<div class=\"um-field-area\" style=\"text-align: center;\">\n<div class=\"um-single-file-preview\" data-key=\"ine_selfi\"><\/div>\n<p><a href=\"#\" data-modal=\"um_upload_single\" data-modal-size=\"normal\" data-modal-copy=\"1\" class=\"um-button um-btn-auto-width\">Subir<\/a><\/div>\n<div class=\"um-modal-hidden-content\">\n<div class=\"um-modal-header\"> \u201cSelfie con INE<\/div>\n<div class=\"um-modal-body\">\n<div class=\"um-single-file-preview\">\n\t\t\t\t\t\t\t\t\t\t<a href=\"javascript:void(0);\" class=\"cancel\"><i class=\"um-icon-close\"><\/i><\/a><\/p>\n<div class=\"um-single-fileinfo\">\n\t\t\t\t\t\t\t\t\t\t\t<a href=\"\" target=\"_blank\"><br \/>\n\t\t\t\t\t\t\t\t\t\t\t\t<span class=\"icon\"><i><\/i><\/span><br \/>\n\t\t\t\t\t\t\t\t\t\t\t\t<span class=\"filename\"><\/span><br \/>\n\t\t\t\t\t\t\t\t\t\t\t<\/a>\n\t\t\t\t\t\t\t\t\t\t<\/div>\n<\/p><\/div>\n<div class=\"um-single-file-upload\" data-user_id=\"\" data-timestamp=\"1776880480\" data-nonce=\"1cbd3922e1\"  data-set_id=\"327\" data-set_mode=\"register\" data-type=\"file\" data-key=\"ine_selfi\" data-max_size=\"10485760\" data-max_size_error=\"\u00a1Archivo demasiado grande!\" data-min_size_error=\"\u00a1Archivo demasiado peque\u00f1o!\" data-extension_error=\"Lo sentimos, este no es un archivo v\u00e1lido.\"  data-allowed_types=\"pdf,txt\" data-upload_text=\"Arrastrar y soltar el archivo\" data-max_files_error=\"Solo puede subir un archivo\" data-upload_help_text=\"\">Subir<\/div>\n<div class=\"um-modal-footer\">\n<div class=\"um-modal-right\">\n\t\t\t\t\t\t\t\t\t\t<a href=\"javascript:void(0);\" class=\"um-modal-btn um-finish-upload file disabled\" data-key=\"ine_selfi\" data-change=\"Cambiar el archivo\" data-processing=\"Procesando...\"> Guardar<\/a><br \/>\n\t\t\t\t\t\t\t\t\t\t<a href=\"javascript:void(0);\" class=\"um-modal-btn alt\" data-action=\"um_remove_modal\"> Cancelar<\/a>\n\t\t\t\t\t\t\t\t\t<\/div>\n<div class=\"um-clear\"><\/div>\n<\/p><\/div>\n<\/div>\n<\/div>\n<\/div>\n<div  id=\"um_field_327_twitter\" class=\"um-field um-field-url  um-field-twitter um-field-url um-field-type_url\" data-key=\"twitter\">\n<div class=\"um-field-label\">\n<div class=\"um-field-label-icon\"><i class=\"fab fa-square-x-twitter\" aria-label=\"X\"><\/i><\/div>\n<p><label for=\"twitter-327\">X<\/label><\/p>\n<div class=\"um-clear\"><\/div>\n<\/div>\n<div class=\"um-field-area\"><input    class=\"um-form-field valid\" type=\"text\" name=\"twitter-327\" id=\"twitter-327\" value=\"\" placeholder=\"\" data-validate=\"twitter_url\" data-key=\"twitter\"  aria-invalid=\"false\" \/><\/p><\/div>\n<\/div>\n<\/div>\n<\/div>\n<p><!-- This file should primarily consist of HTML with a little bit of PHP. --><\/p>\n<div class=\"um-field um-field-type_terms_conditions\" data-key=\"use_terms_conditions_agreement\" style=\"display:block;padding:0;\">\n<div class=\"um-field-area\">\n<div class=\"um-gdpr-content\" style=\"display:none;\">\n\t\t\t\t\t<\/div>\n<p>\t\t<a href=\"javascript:void(0);\" class=\"um-toggle-gdpr\" data-toggle-state=\"hidden\"\n\t\t\tdata-toggle-show=\"Mostrar la pol\u00edtica de privacidad\"\n\t\t\tdata-toggle-hide=\"Ocultar la pol\u00edtica de privacidad\"><br \/>\n\t\t\tMostrar la pol\u00edtica de privacidad\t\t<\/a>\n\t<\/div>\n<div class=\"um-field-area\">\n\t\t<label class=\"um-field-checkbox\"><br \/>\n\t\t\t<input type=\"checkbox\" name=\"use_gdpr_agreement\" value=\"1\"><br \/>\n\t\t\t<span class=\"um-field-checkbox-state\"><i class=\"um-icon-android-checkbox-outline-blank\"><\/i><\/span><br \/>\n\t\t\t<span class=\"um-field-checkbox-option\">Por favor, confirma que est\u00e1s de acuerdo con nuestra pol\u00edtica de privacidad<\/span><br \/>\n\t\t<\/label><\/p>\n<div class=\"um-clear\"><\/div>\n<div class=\"um-clear\"><\/div>\n<\/p><\/div>\n<\/div>\n<p>\t<input type=\"hidden\" name=\"form_id\" id=\"form_id_327\" value=\"327\" \/><\/p>\n<p class=\"um_request_name\">\n\t\t<label for=\"um_request_327\">Only fill in if you are not human<\/label><br \/>\n\t\t<input type=\"hidden\" name=\"um_request\" id=\"um_request_327\" class=\"input\" value=\"\" size=\"25\" autocomplete=\"off\" \/>\n\t<\/p>\n<p>\t<input type=\"hidden\" id=\"_wpnonce\" name=\"_wpnonce\" value=\"05e375b607\" \/><input type=\"hidden\" name=\"_wp_http_referer\" value=\"\/es\/wp-json\/wp\/v2\/pages\/263\" \/><\/p>\n<div class=\"um-col-alt\">\n<div class=\"um-left um-half\">\n\t\t\t\t<input type=\"submit\" value=\"Registro\" class=\"um-button\" id=\"um-submit-btn\" \/>\n\t\t\t<\/div>\n<div class=\"um-right um-half\">\n\t\t\t\t<a href=\"https:\/\/lunalustx.com\/es\/login\/\" class=\"um-button um-alt\"><br \/>\n\t\t\t\t\tSign in\t\t\t\t<\/a>\n\t\t\t<\/div>\n<div class=\"um-clear\"><\/div>\n<\/p><\/div>\n<\/p><input type=\"hidden\" name=\"trp-form-language\" value=\"es\"\/><\/form>\n<\/p><\/div>\n<\/div>\n<style>\n\t\t\t.um-327.um {\n\t\t\tmax-width: 450px;\n\t\t}\n\t\t<\/style><\/p>\n\n<div class=\"wp-block-buttons is-layout-flex wp-block-buttons-is-layout-flex\"><\/div>\n\n<p> <div class=\"nsl-container nsl-container-block\" data-align=\"left\"><div class=\"nsl-container-buttons\"><a href=\"https:\/\/lunalustx.com\/wp-login.php?loginSocial=google&#038;redirect=https%3A%2F%2Flunalustx.com%2Fes%2Fwp-json%2Fwp%2Fv2%2Fpages%2F263\" rel=\"nofollow\" aria-label=\"Continua con &lt;b&gt;Google&lt;\/b&gt;\" data-plugin=\"nsl\" data-action=\"connect\" data-provider=\"google\" data-popupwidth=\"600\" data-popupheight=\"600\"><div class=\"nsl-button nsl-button-default nsl-button-google\" data-skin=\"light\" style=\"background-color:#fff;\"><div class=\"nsl-button-svg-container\"><svg xmlns=\"http:\/\/www.w3.org\/2000\/svg\" width=\"24\" height=\"24\" viewbox=\"0 0 24 24\"><path fill=\"#4285F4\" d=\"M20.64 12.2045c0-.6381-.0573-1.2518-.1636-1.8409H12v3.4814h4.8436c-.2086 1.125-.8427 2.0782-1.7959 2.7164v2.2581h2.9087c1.7018-1.5668 2.6836-3.874 2.6836-6.615z\"><\/path><path fill=\"#34A853\" d=\"M12 21c2.43 0 4.4673-.806 5.9564-2.1805l-2.9087-2.2581c-.8059.54-1.8368.859-3.0477.859-2.344 0-4.3282-1.5831-5.036-3.7104H3.9574v2.3318C5.4382 18.9832 8.4818 21 12 21z\"><\/path><path fill=\"#FBBC05\" d=\"M6.964 13.71c-.18-.54-.2822-1.1168-.2822-1.71s.1023-1.17.2823-1.71V7.9582H3.9573A8.9965 8.9965 0 0 0 3 12c0 1.4523.3477 2.8268.9573 4.0418L6.964 13.71z\"><\/path><path fill=\"#EA4335\" d=\"M12 6.5795c1.3214 0 2.5077.4541 3.4405 1.346l2.5813-2.5814C16.4632 3.8918 14.426 3 12 3 8.4818 3 5.4382 5.0168 3.9573 7.9582L6.964 10.29C7.6718 8.1627 9.6559 6.5795 12 6.5795z\"><\/path><\/svg><\/div><div class=\"nsl-button-label-container\">Continua con <b>Google<\/b><\/div><\/div><\/a><\/div><\/div><\/p>\n\t\t\t\t\t\t\t\t<\/div>\n\t\t\t\t\t<\/div>\n\t\t\t\t<\/div>\n\t\t\t\t<\/div>","protected":false},"excerpt":{"rendered":"<p>\u00a0 \u00daNETE COMO CREADOR GANA MAS TEN MAS CONTROL SE PARTE DE LUNALUSTX. La plataforma premium donde los creadores se [&hellip;]<\/p>\n","protected":false},"author":1,"featured_media":0,"parent":0,"menu_order":0,"comment_status":"closed","ping_status":"closed","template":"","meta":{"site-sidebar-layout":"default","site-content-layout":"","ast-site-content-layout":"default","site-content-style":"default","site-sidebar-style":"default","ast-global-header-display":"","ast-banner-title-visibility":"","ast-main-header-display":"","ast-hfb-above-header-display":"","ast-hfb-below-header-display":"","ast-hfb-mobile-header-display":"","site-post-title":"","ast-breadcrumbs-content":"","ast-featured-img":"","footer-sml-layout":"","ast-disable-related-posts":"","theme-transparent-header-meta":"","adv-header-id-meta":"","stick-header-meta":"","header-above-stick-meta":"","header-main-stick-meta":"","header-below-stick-meta":"","astra-migrate-meta-layouts":"default","ast-page-background-enabled":"default","ast-page-background-meta":{"desktop":{"background-color":"var(--ast-global-color-5)","background-image":"","background-repeat":"repeat","background-position":"center center","background-size":"auto","background-attachment":"scroll","background-type":"","background-media":"","overlay-type":"","overlay-color":"","overlay-opacity":"","overlay-gradient":""},"tablet":{"background-color":"","background-image":"","background-repeat":"repeat","background-position":"center center","background-size":"auto","background-attachment":"scroll","background-type":"","background-media":"","overlay-type":"","overlay-color":"","overlay-opacity":"","overlay-gradient":""},"mobile":{"background-color":"","background-image":"","background-repeat":"repeat","background-position":"center center","background-size":"auto","background-attachment":"scroll","background-type":"","background-media":"","overlay-type":"","overlay-color":"","overlay-opacity":"","overlay-gradient":""}},"ast-content-background-meta":{"desktop":{"background-color":"var(--ast-global-color-4)","background-image":"","background-repeat":"repeat","background-position":"center center","background-size":"auto","background-attachment":"scroll","background-type":"","background-media":"","overlay-type":"","overlay-color":"","overlay-opacity":"","overlay-gradient":""},"tablet":{"background-color":"var(--ast-global-color-4)","background-image":"","background-repeat":"repeat","background-position":"center center","background-size":"auto","background-attachment":"scroll","background-type":"","background-media":"","overlay-type":"","overlay-color":"","overlay-opacity":"","overlay-gradient":""},"mobile":{"background-color":"var(--ast-global-color-4)","background-image":"","background-repeat":"repeat","background-position":"center center","background-size":"auto","background-attachment":"scroll","background-type":"","background-media":"","overlay-type":"","overlay-color":"","overlay-opacity":"","overlay-gradient":""}},"footnotes":""},"class_list":["post-263","page","type-page","status-publish","hentry"],"_hostinger_reach_plugin_has_subscription_block":false,"_hostinger_reach_plugin_is_elementor":false,"rttpg_featured_image_url":null,"rttpg_author":{"display_name":"luna lustx","author_link":"https:\/\/lunalustx.com\/es\/author\/brendajm3094gmail-com\/"},"rttpg_comment":0,"rttpg_category":null,"rttpg_excerpt":"\u00a0 \u00daNETE COMO CREADOR GANA MAS TEN MAS CONTROL SE PARTE DE LUNALUSTX. La plataforma premium donde los creadores se [&hellip;]","_links":{"self":[{"href":"https:\/\/lunalustx.com\/es\/wp-json\/wp\/v2\/pages\/263","targetHints":{"allow":["GET"]}}],"collection":[{"href":"https:\/\/lunalustx.com\/es\/wp-json\/wp\/v2\/pages"}],"about":[{"href":"https:\/\/lunalustx.com\/es\/wp-json\/wp\/v2\/types\/page"}],"author":[{"embeddable":true,"href":"https:\/\/lunalustx.com\/es\/wp-json\/wp\/v2\/users\/1"}],"replies":[{"embeddable":true,"href":"https:\/\/lunalustx.com\/es\/wp-json\/wp\/v2\/comments?post=263"}],"version-history":[{"count":23,"href":"https:\/\/lunalustx.com\/es\/wp-json\/wp\/v2\/pages\/263\/revisions"}],"predecessor-version":[{"id":1004,"href":"https:\/\/lunalustx.com\/es\/wp-json\/wp\/v2\/pages\/263\/revisions\/1004"}],"wp:attachment":[{"href":"https:\/\/lunalustx.com\/es\/wp-json\/wp\/v2\/media?parent=263"}],"curies":[{"name":"wp","href":"https:\/\/api.w.org\/{rel}","templated":true}]}}